{"id":2851,"date":"2023-12-18T09:24:46","date_gmt":"2023-12-18T08:24:46","guid":{"rendered":"https:\/\/www.hertel-kartonagen.de\/?page_id=2851"},"modified":"2024-05-28T14:46:37","modified_gmt":"2024-05-28T12:46:37","slug":"weiterverarbeitung","status":"publish","type":"page","link":"https:\/\/www.hertel-kartonagen.de\/en\/leistungen\/weiterverarbeitung\/","title":{"rendered":"PROCESSING"},"content":{"rendered":"<div data-elementor-type=\"wp-page\" data-elementor-id=\"2851\" class=\"elementor elementor-2851\" data-elementor-post-type=\"page\">\n\t\t\t\t<div class=\"elementor-element elementor-element-4ee2caaa e-flex e-con-boxed e-con e-parent\" data-id=\"4ee2caaa\" data-element_type=\"container\" data-settings=\"{&quot;background_background&quot;:&quot;classic&quot;,&quot;shape_divider_bottom&quot;:&quot;tilt&quot;}\">\n\t\t\t\t\t<div class=\"e-con-inner\">\n\t\t\t\t<div class=\"elementor-shape elementor-shape-bottom\" aria-hidden=\"true\" data-negative=\"false\">\n\t\t\t<svg xmlns=\"http:\/\/www.w3.org\/2000\/svg\" viewbox=\"0 0 1000 100\" preserveaspectratio=\"none\">\n\t<path class=\"elementor-shape-fill\" d=\"M0,6V0h1000v100L0,6z\"\/>\n<\/svg>\t\t<\/div>\n\t\t<div class=\"elementor-element elementor-element-a1a7f1a e-con-full e-flex e-con e-child\" data-id=\"a1a7f1a\" data-element_type=\"container\">\n\t\t\t\t<div class=\"elementor-element elementor-element-1bf4f84 elementor-widget elementor-widget-heading\" data-id=\"1bf4f84\" data-element_type=\"widget\" data-widget_type=\"heading.default\">\n\t\t\t\t\t<h1 class=\"elementor-heading-title elementor-size-default\">PROCESSING<\/h1>\t\t\t\t<\/div>\n\t\t\t\t<div class=\"elementor-element elementor-element-1b97cce elementor-widget elementor-widget-heading\" data-id=\"1b97cce\" data-element_type=\"widget\" data-widget_type=\"heading.default\">\n\t\t\t\t\t<h2 class=\"elementor-heading-title elementor-size-default\">We make more out of your packaging<\/h2>\t\t\t\t<\/div>\n\t\t\t\t<div class=\"elementor-element elementor-element-f7880db elementor-widget-divider--view-line elementor-widget elementor-widget-divider\" data-id=\"f7880db\" data-element_type=\"widget\" data-widget_type=\"divider.default\">\n\t\t\t\t\t\t\t<div class=\"elementor-divider\">\n\t\t\t<span class=\"elementor-divider-separator\">\n\t\t\t\t\t\t<\/span>\n\t\t<\/div>\n\t\t\t\t\t\t<\/div>\n\t\t\t\t<\/div>\n\t\t\t\t\t<\/div>\n\t\t\t\t<\/div>\n\t\t<div class=\"elementor-element elementor-element-4a979a5 e-flex e-con-boxed e-con e-parent\" data-id=\"4a979a5\" data-element_type=\"container\">\n\t\t\t\t\t<div class=\"e-con-inner\">\n\t\t<div class=\"elementor-element elementor-element-4268ab9 e-flex e-con-boxed e-con e-child\" data-id=\"4268ab9\" data-element_type=\"container\">\n\t\t\t\t\t<div class=\"e-con-inner\">\n\t\t\t\t<div class=\"elementor-element elementor-element-30f33b3 elementor-widget elementor-widget-text-editor\" data-id=\"30f33b3\" data-element_type=\"widget\" data-widget_type=\"text-editor.default\">\n\t\t\t\t\t\t\t\t\t<p>We not only focus on the highest quality in packaging printing.\u00a0<b>We also set high standards for the subsequent processing of your premium packaging.<\/b><\/p><p>To create your customised\u00a0<b>Packaging<\/b>\u00a0we offer the following processes for further processing:<\/p><ul><li>Laminating<\/li><li>Punching<\/li><li>Foil embossing<\/li><li>Gluing<\/li><li>Covering of slip lid cardboard boxes<\/li><li>Deep drawing<\/li><li>Window backing<\/li><li>Transparency<\/li><li>Manual labour<\/li><\/ul>\t\t\t\t\t\t\t\t<\/div>\n\t\t\t\t<div class=\"elementor-element elementor-element-1994bb3 elementor-widget elementor-widget-image\" data-id=\"1994bb3\" data-element_type=\"widget\" data-widget_type=\"image.default\">\n\t\t\t\t\t\t\t\t\t\t\t\t\t\t\t<img decoding=\"async\" width=\"699\" height=\"392\" src=\"https:\/\/www.hertel-kartonagen.de\/wp-content\/uploads\/2023\/12\/web_weiterverarbeitung_ansicht1.jpg\" class=\"attachment-medium_large size-medium_large wp-image-2883\" alt=\"\" srcset=\"https:\/\/www.hertel-kartonagen.de\/wp-content\/uploads\/2023\/12\/web_weiterverarbeitung_ansicht1.jpg 699w, https:\/\/www.hertel-kartonagen.de\/wp-content\/uploads\/2023\/12\/web_weiterverarbeitung_ansicht1-300x168.jpg 300w\" sizes=\"(max-width: 699px) 100vw, 699px\" \/>\t\t\t\t\t\t\t\t\t\t\t\t\t\t\t<\/div>\n\t\t\t\t\t<\/div>\n\t\t\t\t<\/div>\n\t\t\t\t\t<\/div>\n\t\t\t\t<\/div>\n\t\t<div class=\"elementor-element elementor-element-7e64d55 e-con-full e-flex e-con e-parent\" data-id=\"7e64d55\" data-element_type=\"container\">\n\t\t\t\t<div class=\"elementor-element elementor-element-79a3c4a elementor-widget elementor-widget-template\" data-id=\"79a3c4a\" data-element_type=\"widget\" data-widget_type=\"template.default\">\n\t\t\t\t<div class=\"elementor-widget-container\">\n\t\t\t\t\t\t\t<div class=\"elementor-template\">\n\t\t\t\t\t<div data-elementor-type=\"container\" data-elementor-id=\"1981\" class=\"elementor elementor-1981\" data-elementor-post-type=\"elementor_library\">\n\t\t\t\t<div class=\"elementor-element elementor-element-f4e9503 e-flex e-con-boxed e-con e-parent\" data-id=\"f4e9503\" data-element_type=\"container\" data-settings=\"{&quot;background_background&quot;:&quot;classic&quot;}\">\n\t\t\t\t\t<div class=\"e-con-inner\">\n\t\t<div class=\"elementor-element elementor-element-f6dba59 e-flex e-con-boxed e-con e-child\" data-id=\"f6dba59\" data-element_type=\"container\">\n\t\t\t\t\t<div class=\"e-con-inner\">\n\t\t<div class=\"elementor-element elementor-element-b75d576 e-flex e-con-boxed e-con e-child\" data-id=\"b75d576\" data-element_type=\"container\">\n\t\t\t\t\t<div class=\"e-con-inner\">\n\t\t<div class=\"elementor-element elementor-element-a695a9c e-flex e-con-boxed e-con e-child\" data-id=\"a695a9c\" data-element_type=\"container\" data-settings=\"{&quot;background_background&quot;:&quot;classic&quot;}\">\n\t\t\t\t\t<div class=\"e-con-inner\">\n\t\t\t\t<div class=\"elementor-element elementor-element-9f15ef7 elementor-widget elementor-widget-heading\" data-id=\"9f15ef7\" data-element_type=\"widget\" data-widget_type=\"heading.default\">\n\t\t\t\t\t<h3 class=\"elementor-heading-title elementor-size-default\"><small>Packaging for<\/small><br>\nCosmetics<\/h3>\t\t\t\t<\/div>\n\t\t\t\t<div class=\"elementor-element elementor-element-35bfb82 elementor-widget elementor-widget-button\" data-id=\"35bfb82\" data-element_type=\"widget\" data-widget_type=\"button.default\">\n\t\t\t\t\t\t\t\t\t\t<a class=\"elementor-button elementor-button-link elementor-size-sm\" href=\"https:\/\/www.hertel-kartonagen.de\/en\/kosmetik\/\">\n\t\t\t\t\t\t<span class=\"elementor-button-content-wrapper\">\n\t\t\t\t\t\t\t\t\t<span class=\"elementor-button-text\">Learn more<\/span>\n\t\t\t\t\t<\/span>\n\t\t\t\t\t<\/a>\n\t\t\t\t\t\t\t\t<\/div>\n\t\t\t\t<div class=\"elementor-element elementor-element-b27d527 elementor-widget elementor-widget-spacer\" data-id=\"b27d527\" data-element_type=\"widget\" data-widget_type=\"spacer.default\">\n\t\t\t\t\t\t\t<div class=\"elementor-spacer\">\n\t\t\t<div class=\"elementor-spacer-inner\"><\/div>\n\t\t<\/div>\n\t\t\t\t\t\t<\/div>\n\t\t\t\t<div class=\"elementor-element elementor-element-b50a4e6 elementor-icon-list--layout-inline elementor-tablet-align-right elementor-list-item-link-full_width elementor-widget elementor-widget-icon-list\" data-id=\"b50a4e6\" data-element_type=\"widget\" data-widget_type=\"icon-list.default\">\n\t\t\t\t\t\t\t<ul class=\"elementor-icon-list-items elementor-inline-items\">\n\t\t\t\t\t\t\t<li class=\"elementor-icon-list-item elementor-inline-item\">\n\t\t\t\t\t\t\t\t\t\t\t<a href=\"https:\/\/www.hertel-kartonagen.de\/en\/wiki\/faltschachteln\/\">\n\n\t\t\t\t\t\t\t\t\t\t\t<span class=\"elementor-icon-list-text\">Folding box<\/span>\n\t\t\t\t\t\t\t\t\t\t\t<\/a>\n\t\t\t\t\t\t\t\t\t<\/li>\n\t\t\t\t\t\t\t\t<li class=\"elementor-icon-list-item elementor-inline-item\">\n\t\t\t\t\t\t\t\t\t\t\t<a href=\"https:\/\/www.hertel-kartonagen.de\/en\/wiki\/veredelung-aus-verpackungen-werden-kunstwerke\/\">\n\n\t\t\t\t\t\t\t\t\t\t\t<span class=\"elementor-icon-list-text\">ENHANCEMENT<\/span>\n\t\t\t\t\t\t\t\t\t\t\t<\/a>\n\t\t\t\t\t\t\t\t\t<\/li>\n\t\t\t\t\t\t<\/ul>\n\t\t\t\t\t\t<\/div>\n\t\t\t\t\t<\/div>\n\t\t\t\t<\/div>\n\t\t<div class=\"elementor-element elementor-element-a7864f4 e-flex e-con-boxed e-con e-child\" data-id=\"a7864f4\" data-element_type=\"container\">\n\t\t\t\t\t<div class=\"e-con-inner\">\n\t\t<a class=\"elementor-element elementor-element-2f57a47 e-con-full e-flex e-con e-child\" data-id=\"2f57a47\" data-element_type=\"container\" data-settings=\"{&quot;background_background&quot;:&quot;classic&quot;}\" href=\"https:\/\/www.hertel-kartonagen.de\/en\/medienverpackung\/\">\n\t\t\t\t<div class=\"elementor-element elementor-element-bedd9b4 elementor-widget elementor-widget-heading\" data-id=\"bedd9b4\" data-element_type=\"widget\" data-widget_type=\"heading.default\">\n\t\t\t\t\t<h3 class=\"elementor-heading-title elementor-size-default\"><small>Packaging for<\/small><br>\nMedia<\/h3>\t\t\t\t<\/div>\n\t\t\t\t<\/a>\n\t\t<a class=\"elementor-element elementor-element-7ae24be e-con-full e-flex e-con e-child\" data-id=\"7ae24be\" data-element_type=\"container\" data-settings=\"{&quot;background_background&quot;:&quot;classic&quot;}\" href=\"https:\/\/www.hertel-kartonagen.de\/en\/branchen_lebensmittel\/\">\n\t\t\t\t<div class=\"elementor-element elementor-element-b1bfb23 elementor-widget elementor-widget-heading\" data-id=\"b1bfb23\" data-element_type=\"widget\" data-widget_type=\"heading.default\">\n\t\t\t\t\t<h3 class=\"elementor-heading-title elementor-size-default\"><small>Packaging for<\/small><br>\nFood<\/h3>\t\t\t\t<\/div>\n\t\t\t\t<\/a>\n\t\t\t\t\t<\/div>\n\t\t\t\t<\/div>\n\t\t\t\t\t<\/div>\n\t\t\t\t<\/div>\n\t\t<div class=\"elementor-element elementor-element-0414b8c e-flex e-con-boxed e-con e-child\" data-id=\"0414b8c\" data-element_type=\"container\" data-settings=\"{&quot;background_background&quot;:&quot;classic&quot;}\">\n\t\t\t\t\t<div class=\"e-con-inner\">\n\t\t<div class=\"elementor-element elementor-element-4b36dbf e-flex e-con-boxed e-con e-child\" data-id=\"4b36dbf\" data-element_type=\"container\">\n\t\t\t\t\t<div class=\"e-con-inner\">\n\t\t\t\t<div class=\"elementor-element elementor-element-52e4b7f elementor-widget elementor-widget-heading\" data-id=\"52e4b7f\" data-element_type=\"widget\" data-widget_type=\"heading.default\">\n\t\t\t\t\t<h3 class=\"elementor-heading-title elementor-size-default\"><small>Packaging for<\/small><br>\nGames<\/h3>\t\t\t\t<\/div>\n\t\t\t\t<div class=\"elementor-element elementor-element-3edbeb0 elementor-widget elementor-widget-button\" data-id=\"3edbeb0\" data-element_type=\"widget\" data-widget_type=\"button.default\">\n\t\t\t\t\t\t\t\t\t\t<a class=\"elementor-button elementor-button-link elementor-size-sm\" href=\"https:\/\/www.hertel-kartonagen.de\/en\/branchen_spiele\/\">\n\t\t\t\t\t\t<span class=\"elementor-button-content-wrapper\">\n\t\t\t\t\t\t\t\t\t<span class=\"elementor-button-text\">Learn more<\/span>\n\t\t\t\t\t<\/span>\n\t\t\t\t\t<\/a>\n\t\t\t\t\t\t\t\t<\/div>\n\t\t\t\t\t<\/div>\n\t\t\t\t<\/div>\n\t\t<div class=\"elementor-element elementor-element-c755ba2 elementor-hidden-tablet_extra elementor-hidden-tablet elementor-hidden-mobile e-flex e-con-boxed e-con e-child\" data-id=\"c755ba2\" data-element_type=\"container\">\n\t\t\t\t\t<div class=\"e-con-inner\">\n\t\t\t\t<div class=\"elementor-element elementor-element-fb4e560 elementor-icon-list--layout-inline elementor-list-item-link-inline elementor-mobile-align-left elementor-widget elementor-widget-icon-list\" data-id=\"fb4e560\" data-element_type=\"widget\" data-widget_type=\"icon-list.default\">\n\t\t\t\t\t\t\t<ul class=\"elementor-icon-list-items elementor-inline-items\">\n\t\t\t\t\t\t\t<li class=\"elementor-icon-list-item elementor-inline-item\">\n\t\t\t\t\t\t\t\t\t\t\t<a href=\"https:\/\/www.hertel-kartonagen.de\/en\/wiki\/was-ist-ein-stuelpdeckelkarton\/\">\n\n\t\t\t\t\t\t\t\t\t\t\t<span class=\"elementor-icon-list-text\">Rigid box<\/span>\n\t\t\t\t\t\t\t\t\t\t\t<\/a>\n\t\t\t\t\t\t\t\t\t<\/li>\n\t\t\t\t\t\t\t\t<li class=\"elementor-icon-list-item elementor-inline-item\">\n\t\t\t\t\t\t\t\t\t\t\t<a href=\"https:\/\/www.hertel-kartonagen.de\/en\/wiki\/produktion-ueberzugsanlage\/\">\n\n\t\t\t\t\t\t\t\t\t\t\t<span class=\"elementor-icon-list-text\">Covered boxes<\/span>\n\t\t\t\t\t\t\t\t\t\t\t<\/a>\n\t\t\t\t\t\t\t\t\t<\/li>\n\t\t\t\t\t\t\t\t<li class=\"elementor-icon-list-item elementor-inline-item\">\n\t\t\t\t\t\t\t\t\t\t\t<a href=\"https:\/\/www.hertel-kartonagen.de\/en\/wiki\/veredelung-so-funktioniert-folienkaschierung\/\">\n\n\t\t\t\t\t\t\t\t\t\t\t<span class=\"elementor-icon-list-text\">Film lamination<\/span>\n\t\t\t\t\t\t\t\t\t\t\t<\/a>\n\t\t\t\t\t\t\t\t\t<\/li>\n\t\t\t\t\t\t<\/ul>\n\t\t\t\t\t\t<\/div>\n\t\t\t\t\t<\/div>\n\t\t\t\t<\/div>\n\t\t\t\t\t<\/div>\n\t\t\t\t<\/div>\n\t\t\t\t\t<\/div>\n\t\t\t\t<\/div>\n\t\t\t\t\t<\/div>\n\t\t\t\t<\/div>\n\t\t\t\t<\/div>\n\t\t\t\t<\/div>\n\t\t\t\t\t\t<\/div>\n\t\t\t\t<\/div>\n\t\t\t\t<\/div>\n\t\t\t\t<\/div>","protected":false},"excerpt":{"rendered":"<p>Further processing We make more out of your packaging We don't just focus on the highest quality in packaging printing. We also set high standards for the subsequent finishing of your premium packaging. We offer the following finishing processes to realise your customised packaging: Laminating Die-cutting Hot-foil embossing Gluing Covering of slip lid cardboard boxes Thermoforming Window gluing Transparency Manual labour<\/p>","protected":false},"author":3,"featured_media":4532,"parent":517,"menu_order":0,"comment_status":"closed","ping_status":"closed","template":"elementor_header_footer","meta":{"_acf_changed":false,"footnotes":""},"class_list":["post-2851","page","type-page","status-publish","has-post-thumbnail","hentry"],"acf":[],"yoast_head":"<!-- This site is optimized with the Yoast SEO plugin v26.5 - https:\/\/yoast.com\/wordpress\/plugins\/seo\/ -->\n<title>Weiterverarbeitung &#8212; Hertel Kartonagen<\/title>\n<meta name=\"robots\" content=\"index, follow, max-snippet:-1, max-image-preview:large, max-video-preview:-1\" \/>\n<link rel=\"canonical\" href=\"https:\/\/www.hertel-kartonagen.de\/en\/leistungen\/weiterverarbeitung\/\" \/>\n<meta property=\"og:locale\" content=\"en_GB\" \/>\n<meta property=\"og:type\" content=\"article\" \/>\n<meta property=\"og:title\" content=\"Weiterverarbeitung &#8212; Hertel Kartonagen\" \/>\n<meta property=\"og:description\" content=\"Weiterverarbeitung Wir machen mehr aus Ihrer Verpackung Wir setzen nicht nur auf h\u00f6chste Qualit\u00e4t beim Verpackungsdruck.\u00a0Auch bei der anschlie\u00dfenden Weiterverarbeitung Ihrer Premium-Verpackungen halten wir die Ma\u00dfst\u00e4be hoch. Um Ihre ma\u00dfgeschneiderte\u00a0Verpackung\u00a0umzusetzen, haben wir f\u00fcr die Weiterverarbeitung folgende Prozesse zu bieten: Kaschieren Stanzen Hei\u00dffolienpr\u00e4gung Kleben \u00dcberziehen von St\u00fclpdeckelkartonagen Tiefziehen Fensterhinterklebung Klarsicht Handarbeit\" \/>\n<meta property=\"og:url\" content=\"https:\/\/www.hertel-kartonagen.de\/en\/leistungen\/weiterverarbeitung\/\" \/>\n<meta property=\"og:site_name\" content=\"Hertel Kartonagen\" \/>\n<meta property=\"article:publisher\" content=\"https:\/\/www.facebook.com\/hertel.kartonagen\/\" \/>\n<meta property=\"article:modified_time\" content=\"2024-05-28T12:46:37+00:00\" \/>\n<meta property=\"og:image\" content=\"https:\/\/www.hertel-kartonagen.de\/wp-content\/uploads\/2023\/12\/Logo-Hertel.jpg\" \/>\n\t<meta property=\"og:image:width\" content=\"1772\" \/>\n\t<meta property=\"og:image:height\" content=\"709\" \/>\n\t<meta property=\"og:image:type\" content=\"image\/jpeg\" \/>\n<meta name=\"twitter:card\" content=\"summary_large_image\" \/>\n<meta name=\"twitter:label1\" content=\"Estimated reading time\" \/>\n\t<meta name=\"twitter:data1\" content=\"1 minute\" \/>\n<!-- \/ Yoast SEO plugin. -->","yoast_head_json":{"title":"Weiterverarbeitung &#8212; Hertel Kartonagen","robots":{"index":"index","follow":"follow","max-snippet":"max-snippet:-1","max-image-preview":"max-image-preview:large","max-video-preview":"max-video-preview:-1"},"canonical":"https:\/\/www.hertel-kartonagen.de\/en\/leistungen\/weiterverarbeitung\/","og_locale":"en_GB","og_type":"article","og_title":"Weiterverarbeitung &#8212; Hertel Kartonagen","og_description":"Weiterverarbeitung Wir machen mehr aus Ihrer Verpackung Wir setzen nicht nur auf h\u00f6chste Qualit\u00e4t beim Verpackungsdruck.\u00a0Auch bei der anschlie\u00dfenden Weiterverarbeitung Ihrer Premium-Verpackungen halten wir die Ma\u00dfst\u00e4be hoch. Um Ihre ma\u00dfgeschneiderte\u00a0Verpackung\u00a0umzusetzen, haben wir f\u00fcr die Weiterverarbeitung folgende Prozesse zu bieten: Kaschieren Stanzen Hei\u00dffolienpr\u00e4gung Kleben \u00dcberziehen von St\u00fclpdeckelkartonagen Tiefziehen Fensterhinterklebung Klarsicht Handarbeit","og_url":"https:\/\/www.hertel-kartonagen.de\/en\/leistungen\/weiterverarbeitung\/","og_site_name":"Hertel Kartonagen","article_publisher":"https:\/\/www.facebook.com\/hertel.kartonagen\/","article_modified_time":"2024-05-28T12:46:37+00:00","og_image":[{"width":1772,"height":709,"url":"https:\/\/www.hertel-kartonagen.de\/wp-content\/uploads\/2023\/12\/Logo-Hertel.jpg","type":"image\/jpeg"}],"twitter_card":"summary_large_image","twitter_misc":{"Estimated reading time":"1 minute"},"schema":{"@context":"https:\/\/schema.org","@graph":[{"@type":"WebPage","@id":"https:\/\/www.hertel-kartonagen.de\/leistungen\/weiterverarbeitung\/","url":"https:\/\/www.hertel-kartonagen.de\/leistungen\/weiterverarbeitung\/","name":"Weiterverarbeitung &#8212; Hertel Kartonagen","isPartOf":{"@id":"https:\/\/www.hertel-kartonagen.de\/#website"},"primaryImageOfPage":{"@id":"https:\/\/www.hertel-kartonagen.de\/leistungen\/weiterverarbeitung\/#primaryimage"},"image":{"@id":"https:\/\/www.hertel-kartonagen.de\/leistungen\/weiterverarbeitung\/#primaryimage"},"thumbnailUrl":"https:\/\/www.hertel-kartonagen.de\/wp-content\/uploads\/2024\/02\/Hertel_Leistung_Weiterverarbeitungen.svg","datePublished":"2023-12-18T08:24:46+00:00","dateModified":"2024-05-28T12:46:37+00:00","breadcrumb":{"@id":"https:\/\/www.hertel-kartonagen.de\/leistungen\/weiterverarbeitung\/#breadcrumb"},"inLanguage":"en-GB","potentialAction":[{"@type":"ReadAction","target":["https:\/\/www.hertel-kartonagen.de\/leistungen\/weiterverarbeitung\/"]}]},{"@type":"ImageObject","inLanguage":"en-GB","@id":"https:\/\/www.hertel-kartonagen.de\/leistungen\/weiterverarbeitung\/#primaryimage","url":"https:\/\/www.hertel-kartonagen.de\/wp-content\/uploads\/2024\/02\/Hertel_Leistung_Weiterverarbeitungen.svg","contentUrl":"https:\/\/www.hertel-kartonagen.de\/wp-content\/uploads\/2024\/02\/Hertel_Leistung_Weiterverarbeitungen.svg","width":200,"height":200,"caption":"Aus Farben werden Verpackungen"},{"@type":"BreadcrumbList","@id":"https:\/\/www.hertel-kartonagen.de\/leistungen\/weiterverarbeitung\/#breadcrumb","itemListElement":[{"@type":"ListItem","position":1,"name":"Startseite","item":"https:\/\/www.hertel-kartonagen.de\/"},{"@type":"ListItem","position":2,"name":"Leistungen","item":"https:\/\/www.hertel-kartonagen.de\/leistungen\/"},{"@type":"ListItem","position":3,"name":"Weiterverarbeitung"}]},{"@type":"WebSite","@id":"https:\/\/www.hertel-kartonagen.de\/#website","url":"https:\/\/www.hertel-kartonagen.de\/","name":"Hertel cardboard packaging","description":"More than packaging","publisher":{"@id":"https:\/\/www.hertel-kartonagen.de\/#organization"},"alternateName":"Hertel & Co. GmbH","potentialAction":[{"@type":"SearchAction","target":{"@type":"EntryPoint","urlTemplate":"https:\/\/www.hertel-kartonagen.de\/?s={search_term_string}"},"query-input":{"@type":"PropertyValueSpecification","valueRequired":true,"valueName":"search_term_string"}}],"inLanguage":"en-GB"},{"@type":"Organization","@id":"https:\/\/www.hertel-kartonagen.de\/#organization","name":"Hertel cardboard packaging","alternateName":"Hertel & Co. GmbH","url":"https:\/\/www.hertel-kartonagen.de\/","logo":{"@type":"ImageObject","inLanguage":"en-GB","@id":"https:\/\/www.hertel-kartonagen.de\/#\/schema\/logo\/image\/","url":"https:\/\/www.hertel-kartonagen.de\/wp-content\/uploads\/2023\/12\/Logo-Hertel.jpg","contentUrl":"https:\/\/www.hertel-kartonagen.de\/wp-content\/uploads\/2023\/12\/Logo-Hertel.jpg","width":1772,"height":709,"caption":"Hertel Kartonagen"},"image":{"@id":"https:\/\/www.hertel-kartonagen.de\/#\/schema\/logo\/image\/"},"sameAs":["https:\/\/www.facebook.com\/hertel.kartonagen\/"]}]}},"_links":{"self":[{"href":"https:\/\/www.hertel-kartonagen.de\/en\/wp-json\/wp\/v2\/pages\/2851","targetHints":{"allow":["GET"]}}],"collection":[{"href":"https:\/\/www.hertel-kartonagen.de\/en\/wp-json\/wp\/v2\/pages"}],"about":[{"href":"https:\/\/www.hertel-kartonagen.de\/en\/wp-json\/wp\/v2\/types\/page"}],"author":[{"embeddable":true,"href":"https:\/\/www.hertel-kartonagen.de\/en\/wp-json\/wp\/v2\/users\/3"}],"replies":[{"embeddable":true,"href":"https:\/\/www.hertel-kartonagen.de\/en\/wp-json\/wp\/v2\/comments?post=2851"}],"version-history":[{"count":10,"href":"https:\/\/www.hertel-kartonagen.de\/en\/wp-json\/wp\/v2\/pages\/2851\/revisions"}],"predecessor-version":[{"id":2910,"href":"https:\/\/www.hertel-kartonagen.de\/en\/wp-json\/wp\/v2\/pages\/2851\/revisions\/2910"}],"up":[{"embeddable":true,"href":"https:\/\/www.hertel-kartonagen.de\/en\/wp-json\/wp\/v2\/pages\/517"}],"wp:featuredmedia":[{"embeddable":true,"href":"https:\/\/www.hertel-kartonagen.de\/en\/wp-json\/wp\/v2\/media\/4532"}],"wp:attachment":[{"href":"https:\/\/www.hertel-kartonagen.de\/en\/wp-json\/wp\/v2\/media?parent=2851"}],"curies":[{"name":"wp","href":"https:\/\/api.w.org\/{rel}","templated":true}]}}